{"id":2,"date":"2024-03-20T11:07:41","date_gmt":"2024-03-20T11:07:41","guid":{"rendered":"http:\/\/quassinoart.pl\/?page_id=2"},"modified":"2025-09-17T10:27:09","modified_gmt":"2025-09-17T10:27:09","slug":"sample-page","status":"publish","type":"page","link":"https:\/\/quassinoart.pl\/index.php\/sample-page\/","title":{"rendered":"Dominika &#8211; Quassino"},"content":{"rendered":"\n<p>Przygod\u0119 z malowaniem rozpocz\u0119\u0142am w styczniu 2024 jako spos\u00f3b na rozwi\u0105zanie problemu z wype\u0142nieniem d\u0142ugich zimowych wieczor\u00f3w. Uzna\u0142am, \u017ce marnuj\u0119 za du\u017co cennego czasu przed ekranami tv, komputera i telefonu. \u017be tak sp\u0119dzany czas nic do \u017cycia nie wnosi, \u017ce jest destruktywny i wr\u0119cz og\u0142upia. Dlatego postanowi\u0142am zapisa\u0107 si\u0119 na kurs malarstwa artystycznego. Zapisa\u0142am si\u0119 na trzy miesi\u0119czny kurs malarstwa w pracowni Domin w Gda\u0144sku, kt\u00f3ra g\u0142\u00f3wnie przygotowuje student\u00f3w do egzamin\u00f3w na studia. Malowa\u0107 uczy\u0142y mnie urocze dziewczyny, Sylwia i Alex, kt\u00f3re mog\u0142yby by\u0107 moimi c\u00f3rkami, i kt\u00f3rym bardzo dzi\u0119kuj\u0119 za zdobycie umiej\u0119tno\u015bci malowania akrylowego. Sylwii dzi\u0119kuj\u0119 za nauczenie kolor\u00f3w cia\u0142a, a Aleks za uczenie perspektywy. Kolejnym kursem, w kt\u00f3rym bra\u0142am udzia\u0142, by\u0142 kurs malarstwa olejnego w pracowni MiG pod kierunkiem Sergiusza Powa\u0142ki. Warsztaty stawia\u0142y szczeg\u00f3lny nacisk na technologi\u0119 i materia\u0142oznawstwo malarstwa olejnego. Obydwa kursy bardzo mi pomog\u0142y, by\u0142y warto\u015bciowe i wiele wnios\u0142y w umiej\u0119tno\u015bci, kt\u00f3re naby\u0142am.<\/p>\n\n\n\n<p>P\u00f3\u017ano odkryte malarstwo sta\u0142o si\u0119 moj\u0105 wielk\u0105 pasj\u0105. Czym\u015b, co powinnam robi\u0107 od zawsze. Dlatego nadrabiaj\u0105c stracony czas staram si\u0119, ka\u017cd\u0105 woln\u0105 chwil\u0119 po\u015bwi\u0119ca\u0107 malowaniu. Nie mam wykszta\u0142cenia artystycznego. I niestety nie jestem zwi\u0105zana ze \u015brodowiskiem artystycznym. Ale te\u017c nie k\u0142ad\u0119 nacisku na wypracowanie jednego kierunku, jednego stylu i jednej charakterystycznej linii, czego prawdopodobnie uczy si\u0119 w wy\u017cszych szko\u0142ach dla zdobycia rozpoznawalno\u015bci. Dlatego w moich pracach widoczna jest r\u00f3\u017cnorodno\u015b\u0107 temat\u00f3w i tak r\u00f3\u017cne motywy. Maluj\u0119 to, co uznaj\u0119, za warte prze\u0142o\u017cenia na p\u0142\u00f3tno. <\/p>\n\n\n\n<p>Moja sygnatura na obrazach to: Dominika Quassino\/Data<\/p>\n\n\n\n<p>Dominika Lange<\/p>\n\n\n\n<p><\/p>\n","protected":false},"excerpt":{"rendered":"<p>Przygod\u0119 z malowaniem rozpocz\u0119\u0142am w styczniu 2024 jako spos\u00f3b na rozwi\u0105zanie problemu z wype\u0142nieniem d\u0142ugich zimowych wieczor\u00f3w. Uzna\u0142am, \u017ce marnuj\u0119 za du\u017co cennego czasu przed ekranami tv, komputera&#8230;<\/p>\n","protected":false},"author":1,"featured_media":0,"parent":0,"menu_order":0,"comment_status":"closed","ping_status":"open","template":"","meta":{"footnotes":""},"class_list":["post-2","page","type-page","status-publish","hentry"],"_links":{"self":[{"href":"https:\/\/quassinoart.pl\/index.php\/wp-json\/wp\/v2\/pages\/2","targetHints":{"allow":["GET"]}}],"collection":[{"href":"https:\/\/quassinoart.pl\/index.php\/wp-json\/wp\/v2\/pages"}],"about":[{"href":"https:\/\/quassinoart.pl\/index.php\/wp-json\/wp\/v2\/types\/page"}],"author":[{"embeddable":true,"href":"https:\/\/quassinoart.pl\/index.php\/wp-json\/wp\/v2\/users\/1"}],"replies":[{"embeddable":true,"href":"https:\/\/quassinoart.pl\/index.php\/wp-json\/wp\/v2\/comments?post=2"}],"version-history":[{"count":8,"href":"https:\/\/quassinoart.pl\/index.php\/wp-json\/wp\/v2\/pages\/2\/revisions"}],"predecessor-version":[{"id":765,"href":"https:\/\/quassinoart.pl\/index.php\/wp-json\/wp\/v2\/pages\/2\/revisions\/765"}],"wp:attachment":[{"href":"https:\/\/quassinoart.pl\/index.php\/wp-json\/wp\/v2\/media?parent=2"}],"curies":[{"name":"wp","href":"https:\/\/api.w.org\/{rel}","templated":true}]}}